{"id":33811,"date":"2022-10-11T19:16:33","date_gmt":"2022-10-11T17:16:33","guid":{"rendered":"https:\/\/staging5.peach-pump.com\/products\/damska-sportovni-bunda-se-zipem-cerna\/"},"modified":"2025-07-29T17:06:53","modified_gmt":"2025-07-29T15:06:53","slug":"damska-sportovni-bunda-na-zip-cerna-barva","status":"publish","type":"product","link":"https:\/\/staging5.peach-pump.com\/cs\/products\/damska-sportovni-bunda-na-zip-cerna-barva\/","title":{"rendered":"D\u00e1msk\u00e1 sportovn\u00ed bunda na zip \u010dern\u00e1"},"content":{"rendered":"<p>D\u00e1msk\u00e1 sportovn\u00ed bunda na zip v univerz\u00e1ln\u00ed \u010dern\u00e9 barv\u011b m\u00e1 zip a otvory na palce na ruk\u00e1vech , d\u00edky nim\u017e se v\u00e1m ruk\u00e1vy b\u011bhem tr\u00e9ninku, b\u011bhu nebo j\u00edzdy na kole nebudou shrnovat. St\u0159ih bundy je velmi atraktivn\u00ed, modeluje siluetu a kr\u00e1sn\u011b p\u0159il\u00e9h\u00e1 k t\u011blu. D\u00edky sv\u00e9 univerz\u00e1ln\u00ed \u010dern\u00e9 barv\u011b se d\u00e1 kombinovat s r\u016fzn\u00fdmi barvami leg\u00edn nebo bustier.  <\/p>\n<ul>\n<li> Elastick\u00e1 rychleschnouc\u00ed tkanina<\/li>\n<li> Tepeln\u00fd potisk loga Peach Pump na rameni<\/li>\n<li> Zap\u00edn\u00e1n\u00ed na zip<\/li>\n<li> Otvor na palec<\/li>\n<\/ul>\n<p>  Slo\u017een\u00ed : 80 % polyester 20 % spandex. Leg\u00edny lze pr\u00e1t na 30 stup\u0148\u016f, nepou\u017e\u00edvat b\u011blidla a ne\u010distit chemicky. Modelka na obr\u00e1zku je vysok\u00e1 178 cm, v\u00e1\u017e\u00ed 54 kg a p\u00f3zuje ve velikosti S. Pro v\u00fdb\u011br p\u0159esn\u00e9 velikosti pou\u017eijte pros\u00edm tabulku velikost\u00ed.<\/p>\n","protected":false},"excerpt":{"rendered":"<p>D\u00e1msk\u00e1 sportovn\u00ed bunda na zip v univerz\u00e1ln\u00ed \u010dern\u00e9 barv\u011b m\u00e1 zip a otvory na palce na ruk\u00e1vech , d\u00edky nim\u017e se v\u00e1m ruk\u00e1vy b\u011bhem tr\u00e9ninku, b\u011bhu nebo j\u00edzdy na kole nebudou shrnovat. St\u0159ih bundy je velmi atraktivn\u00ed, modeluje siluetu a kr\u00e1sn\u011b p\u0159il\u00e9h\u00e1 k t\u011blu. D\u00edky sv\u00e9 univerz\u00e1ln\u00ed \u010dern\u00e9 barv\u011b se d\u00e1 kombinovat s r\u016fzn\u00fdmi barvami [&hellip;]<\/p>\n","protected":false},"featured_media":94584,"comment_status":"open","ping_status":"closed","template":"","meta":[],"product_brand":[],"product_cat":[920,345],"product_tag":[],"class_list":{"0":"post-33811","1":"product","2":"type-product","3":"status-publish","4":"has-post-thumbnail","6":"product_cat-damske-bundy","7":"product_cat-damske-sportovni-topy-tilko","8":"pa_cviat-cerna","9":"pa_razmer-l-cs","10":"pa_razmer-m-cs","11":"pa_razmer-s-cs-2","12":"inventories-world","13":"inventories-uk","15":"first","16":"instock","17":"sale","18":"taxable","19":"shipping-taxable","20":"purchasable","21":"product-type-variable"},"_links":{"self":[{"href":"https:\/\/staging5.peach-pump.com\/cs\/wp-json\/wp\/v2\/product\/33811","targetHints":{"allow":["GET"]}}],"collection":[{"href":"https:\/\/staging5.peach-pump.com\/cs\/wp-json\/wp\/v2\/product"}],"about":[{"href":"https:\/\/staging5.peach-pump.com\/cs\/wp-json\/wp\/v2\/types\/product"}],"replies":[{"embeddable":true,"href":"https:\/\/staging5.peach-pump.com\/cs\/wp-json\/wp\/v2\/comments?post=33811"}],"version-history":[{"count":0,"href":"https:\/\/staging5.peach-pump.com\/cs\/wp-json\/wp\/v2\/product\/33811\/revisions"}],"wp:featuredmedia":[{"embeddable":true,"href":"https:\/\/staging5.peach-pump.com\/cs\/wp-json\/wp\/v2\/media\/94584"}],"wp:attachment":[{"href":"https:\/\/staging5.peach-pump.com\/cs\/wp-json\/wp\/v2\/media?parent=33811"}],"wp:term":[{"taxonomy":"product_brand","embeddable":true,"href":"https:\/\/staging5.peach-pump.com\/cs\/wp-json\/wp\/v2\/product_brand?post=33811"},{"taxonomy":"product_cat","embeddable":true,"href":"https:\/\/staging5.peach-pump.com\/cs\/wp-json\/wp\/v2\/product_cat?post=33811"},{"taxonomy":"product_tag","embeddable":true,"href":"https:\/\/staging5.peach-pump.com\/cs\/wp-json\/wp\/v2\/product_tag?post=33811"}],"curies":[{"name":"wp","href":"https:\/\/api.w.org\/{rel}","templated":true}]}}