{"id":33808,"date":"2022-10-11T19:24:22","date_gmt":"2022-10-11T17:24:22","guid":{"rendered":"https:\/\/staging5.peach-pump.com\/products\/damska-sportovni-bunda-se-zipem-bila\/"},"modified":"2025-07-30T10:04:27","modified_gmt":"2025-07-30T08:04:27","slug":"sportovni-bunda-bila","status":"publish","type":"product","link":"https:\/\/staging5.peach-pump.com\/cs\/products\/sportovni-bunda-bila\/","title":{"rendered":"D\u00e1msk\u00e1 sportovn\u00ed bunda na zip b\u00edl\u00e1"},"content":{"rendered":"<p>D\u00e1msk\u00e1 sportovn\u00ed bunda jemn\u00e9 sn\u011bhov\u011b b\u00edl\u00e9 barvy na zip s otvory na palce na ruk\u00e1vech , d\u00edky nim\u017e se v\u00e1m ruk\u00e1vy p\u0159i tr\u00e9ninku, b\u011bhu nebo j\u00edzd\u011b na kole nebudou shrnovat. St\u0159ih bundy je velmi atraktivn\u00ed, kr\u00e1sn\u011b modeluje siluetu a p\u0159il\u00e9h\u00e1 k t\u011blu. D\u00edky sv\u00e9 univerz\u00e1ln\u00ed b\u00edl\u00e9 barv\u011b se d\u00e1 kombinovat s r\u016fzn\u00fdmi barvami leg\u00edn nebo bustier.  <\/p>\n<ul>\n<li> Elastick\u00e1 rychleschnouc\u00ed tkanina<\/li>\n<li> Tepeln\u00fd potisk loga Peach Pump na rameni<\/li>\n<li> Zap\u00edn\u00e1n\u00ed na zip<\/li>\n<li> Otvor na palec<\/li>\n<\/ul>\n<p>  Slo\u017een\u00ed : 80 % polyester 20 % spandex. Leg\u00edny lze pr\u00e1t na 30 stup\u0148\u016f, nepou\u017e\u00edvat b\u011blidla a ne\u010distit chemicky. Modelka na obr\u00e1zku je vysok\u00e1 178 cm, v\u00e1\u017e\u00ed 54 kg a p\u00f3zuje ve velikosti S. Pro v\u00fdb\u011br p\u0159esn\u00e9 velikosti pou\u017eijte pros\u00edm tabulku velikost\u00ed.<\/p>\n","protected":false},"excerpt":{"rendered":"<p>D\u00e1msk\u00e1 sportovn\u00ed bunda jemn\u00e9 sn\u011bhov\u011b b\u00edl\u00e9 barvy na zip s otvory na palce na ruk\u00e1vech , d\u00edky nim\u017e se v\u00e1m ruk\u00e1vy p\u0159i tr\u00e9ninku, b\u011bhu nebo j\u00edzd\u011b na kole nebudou shrnovat. St\u0159ih bundy je velmi atraktivn\u00ed, kr\u00e1sn\u011b modeluje siluetu a p\u0159il\u00e9h\u00e1 k t\u011blu. D\u00edky sv\u00e9 univerz\u00e1ln\u00ed b\u00edl\u00e9 barv\u011b se d\u00e1 kombinovat s r\u016fzn\u00fdmi barvami leg\u00edn nebo [&hellip;]<\/p>\n","protected":false},"featured_media":111244,"comment_status":"open","ping_status":"closed","template":"","meta":[],"product_brand":[],"product_cat":[920,345],"product_tag":[],"class_list":{"0":"post-33808","1":"product","2":"type-product","3":"status-publish","4":"has-post-thumbnail","6":"product_cat-damske-bundy","7":"product_cat-damske-sportovni-topy-tilko","8":"pa_cviat-bily-cs","9":"pa_razmer-l-cs","10":"pa_razmer-m-cs","11":"pa_razmer-s-cs-2","12":"inventories-world","13":"inventories-uk","15":"first","16":"instock","17":"sale","18":"taxable","19":"shipping-taxable","20":"purchasable","21":"product-type-variable"},"_links":{"self":[{"href":"https:\/\/staging5.peach-pump.com\/cs\/wp-json\/wp\/v2\/product\/33808","targetHints":{"allow":["GET"]}}],"collection":[{"href":"https:\/\/staging5.peach-pump.com\/cs\/wp-json\/wp\/v2\/product"}],"about":[{"href":"https:\/\/staging5.peach-pump.com\/cs\/wp-json\/wp\/v2\/types\/product"}],"replies":[{"embeddable":true,"href":"https:\/\/staging5.peach-pump.com\/cs\/wp-json\/wp\/v2\/comments?post=33808"}],"version-history":[{"count":0,"href":"https:\/\/staging5.peach-pump.com\/cs\/wp-json\/wp\/v2\/product\/33808\/revisions"}],"wp:featuredmedia":[{"embeddable":true,"href":"https:\/\/staging5.peach-pump.com\/cs\/wp-json\/wp\/v2\/media\/111244"}],"wp:attachment":[{"href":"https:\/\/staging5.peach-pump.com\/cs\/wp-json\/wp\/v2\/media?parent=33808"}],"wp:term":[{"taxonomy":"product_brand","embeddable":true,"href":"https:\/\/staging5.peach-pump.com\/cs\/wp-json\/wp\/v2\/product_brand?post=33808"},{"taxonomy":"product_cat","embeddable":true,"href":"https:\/\/staging5.peach-pump.com\/cs\/wp-json\/wp\/v2\/product_cat?post=33808"},{"taxonomy":"product_tag","embeddable":true,"href":"https:\/\/staging5.peach-pump.com\/cs\/wp-json\/wp\/v2\/product_tag?post=33808"}],"curies":[{"name":"wp","href":"https:\/\/api.w.org\/{rel}","templated":true}]}}