{"id":33742,"date":"2022-12-07T13:05:57","date_gmt":"2022-12-07T11:05:57","guid":{"rendered":"https:\/\/staging5.peach-pump.com\/products\/tvarujici-pevne-leginy-svetle-modre-barvy\/"},"modified":"2025-07-14T14:26:34","modified_gmt":"2025-07-14T12:26:34","slug":"tvarujici-pevne-leginy-svetle-modre-barvy","status":"publish","type":"product","link":"https:\/\/staging5.peach-pump.com\/cs\/products\/tvarujici-pevne-leginy-svetle-modre-barvy\/","title":{"rendered":"Tvaruj\u00edc\u00ed pevn\u00e9 leg\u00edny sv\u011btle modr\u00e9 barvy"},"content":{"rendered":"<p>D\u00e1msk\u00e9 tvaruj\u00edc\u00ed pevn\u00e9 leg\u00edny svetle modr\u00e9 barvy. Model je vyroben ze \u017eebrovan\u00e9 tkaniny, s vysok\u00fdm pasem, pevn\u011bj\u0161\u00ed, ide\u00e1ln\u00ed na chladn\u00e9 podzimn\u00ed a zimn\u00ed dny. Leg\u00edny jsou vybaveny \u0161irok\u00fdm \u017eebrovan\u00fdm p\u00e1skem, maj\u00ed tvaruj\u00edc\u00ed a zvedaj\u00edc\u00ed efekt typick\u00fd pro na\u0161i zna\u010dku. Tento model leg\u00edn je mimo\u0159\u00e1dn\u011b m\u011bkk\u00fd , h\u0159ejiv\u00fd a dokonale vymodeluje postavu, lze jej kombinovat s halenkou nebo poprs\u00edm, pod\u00edvejte se na dal\u0161\u00ed na\u0161e nab\u00eddky .  <\/p>\n<ul>\n<li> Vysok\u00fd pas<\/li>\n<li> Beze\u0161v\u00fd \u017eebrovan\u00fd materi\u00e1l<\/li>\n<li> Zvedaj\u00ed, vytvaruj\u00ed, zakr\u00fdvaj\u00ed probl\u00e9mov\u00e9 oblasti<\/li>\n<li> Pevn\u011bj\u0161\u00ed<\/li>\n<li> \u017debrovan\u00fd d\u00edl obep\u00ednaj\u00edc\u00ed pas<\/li>\n<li> Broskvov\u00fd efekt<\/li>\n<li> Bez \u0161vu vp\u0159edu<\/li>\n<li> Tepeln\u00fd potisk loga Peach Pump na zadn\u00ed stran\u011b leg\u00edn<\/li>\n<li> Materi\u00e1l odv\u00e1d\u011bj\u00edc\u00ed vlhkost<\/li>\n<\/ul>\n<p> Slo\u017een\u00ed: 80 % polyester, 20 % elastan. Leg\u00edny lze pr\u00e1t na 30 stup\u0148\u016f, nepou\u017e\u00edvat b\u011blidla a ne\u010distit chemicky. Modelka na obr\u00e1zku je vysok\u00e1 178 cm, v\u00e1\u017e\u00ed 54 kg a m\u00e1 na sob\u011b velikost S. Pro v\u00fdb\u011br p\u0159esn\u00e9 velikosti pou\u017eijte pros\u00edm tabulku velikost\u00ed.<\/p>\n","protected":false},"excerpt":{"rendered":"<p>D\u00e1msk\u00e9 tvaruj\u00edc\u00ed pevn\u00e9 leg\u00edny svetle modr\u00e9 barvy. Model je vyroben ze \u017eebrovan\u00e9 tkaniny, s vysok\u00fdm pasem, pevn\u011bj\u0161\u00ed, ide\u00e1ln\u00ed na chladn\u00e9 podzimn\u00ed a zimn\u00ed dny. Leg\u00edny jsou vybaveny \u0161irok\u00fdm \u017eebrovan\u00fdm p\u00e1skem, maj\u00ed tvaruj\u00edc\u00ed a zvedaj\u00edc\u00ed efekt typick\u00fd pro na\u0161i zna\u010dku. Tento model leg\u00edn je mimo\u0159\u00e1dn\u011b m\u011bkk\u00fd , h\u0159ejiv\u00fd a dokonale vymodeluje postavu, lze jej kombinovat s [&hellip;]<\/p>\n","protected":false},"featured_media":24667,"comment_status":"open","ping_status":"closed","template":"","meta":[],"product_brand":[],"product_cat":[137,296],"product_tag":[],"class_list":{"0":"post-33742","1":"product","2":"type-product","3":"status-publish","4":"has-post-thumbnail","6":"product_cat-damske-sportovni-leginy","7":"product_cat-damske-leginy-dlouhe","8":"pa_cviat-modra","9":"pa_razmer-l-cs","10":"pa_razmer-m-cs","11":"pa_razmer-s-cs-2","12":"inventories-world","13":"inventories-uk","15":"first","16":"instock","17":"taxable","18":"shipping-taxable","19":"purchasable","20":"product-type-variable"},"_links":{"self":[{"href":"https:\/\/staging5.peach-pump.com\/cs\/wp-json\/wp\/v2\/product\/33742","targetHints":{"allow":["GET"]}}],"collection":[{"href":"https:\/\/staging5.peach-pump.com\/cs\/wp-json\/wp\/v2\/product"}],"about":[{"href":"https:\/\/staging5.peach-pump.com\/cs\/wp-json\/wp\/v2\/types\/product"}],"replies":[{"embeddable":true,"href":"https:\/\/staging5.peach-pump.com\/cs\/wp-json\/wp\/v2\/comments?post=33742"}],"version-history":[{"count":0,"href":"https:\/\/staging5.peach-pump.com\/cs\/wp-json\/wp\/v2\/product\/33742\/revisions"}],"wp:featuredmedia":[{"embeddable":true,"href":"https:\/\/staging5.peach-pump.com\/cs\/wp-json\/wp\/v2\/media\/24667"}],"wp:attachment":[{"href":"https:\/\/staging5.peach-pump.com\/cs\/wp-json\/wp\/v2\/media?parent=33742"}],"wp:term":[{"taxonomy":"product_brand","embeddable":true,"href":"https:\/\/staging5.peach-pump.com\/cs\/wp-json\/wp\/v2\/product_brand?post=33742"},{"taxonomy":"product_cat","embeddable":true,"href":"https:\/\/staging5.peach-pump.com\/cs\/wp-json\/wp\/v2\/product_cat?post=33742"},{"taxonomy":"product_tag","embeddable":true,"href":"https:\/\/staging5.peach-pump.com\/cs\/wp-json\/wp\/v2\/product_tag?post=33742"}],"curies":[{"name":"wp","href":"https:\/\/api.w.org\/{rel}","templated":true}]}}