{"id":33729,"date":"2022-12-08T09:19:23","date_gmt":"2022-12-08T07:19:23","guid":{"rendered":"https:\/\/staging5.peach-pump.com\/products\/sportovni-top-s-dlouhym-rukavem-cerne-barvy\/"},"modified":"2025-07-20T09:49:02","modified_gmt":"2025-07-20T07:49:02","slug":"sportovni-top-s-dlouhym-rukavem-cerne-barvy","status":"publish","type":"product","link":"https:\/\/staging5.peach-pump.com\/cs\/products\/sportovni-top-s-dlouhym-rukavem-cerne-barvy\/","title":{"rendered":"Sportovn\u00ed top s dlouh\u00fdm ruk\u00e1vem v \u010dern\u00e9 barv\u011b"},"content":{"rendered":"<p>D\u00e1msk\u00fd sportovn\u00ed top s dlouh\u00fdm ruk\u00e1vem z pevn\u00e9 tkaniny v \u010dern\u00e9 barv\u011b. Top je vyroben ze \u017eebrovan\u00e9ho materi\u00e1lu, kr\u00e1sn\u011b p\u0159il\u00e9h\u00e1 k t\u011blu a m\u00e1 hlubok\u00fd v\u00fdst\u0159ih. Lze jej kombinovat s leg\u00ednami stejn\u00e9 barvy nebo s jin\u00fdmi jednobarevn\u00fdmi leg\u00ednami. Halenka je vhodn\u00e1 do chladn\u011bj\u0161\u00edho podzimn\u00edho\/zimn\u00edho po\u010das\u00ed, zamilujete si jej\u00ed jemnost a zp\u016fsob, jak\u00fdm pohlad\u00ed va\u0161e t\u011blo.  <\/p>\n<ul>\n<li>\u017debrovan\u00fd materi\u00e1l<\/li>\n<li>Tepeln\u00fd potisk &#8220;Peach Pump&#8221; na rameni<\/li>\n<li>Velk\u00e1 pru\u017enost<\/li>\n<li>Zaj\u00edmav\u00fd design<\/li>\n<li>Slo\u017een\u00ed: 80 % polyester, 20 % elastan<\/li>\n<\/ul>\n<p>  Kl\u00edny lze pr\u00e1t p\u0159i teplot\u011b do 30 stup\u0148\u016f , nepou\u017e\u00edvejte pros\u00edm b\u011blidla ani chemick\u00e9 \u010di\u0161t\u011bn\u00ed. Modelka na obr\u00e1zku je vysok\u00e1 178 cm, v\u00e1\u017e\u00ed 54 kg a m\u00e1 na sob\u011b velikost M. Pro v\u00fdb\u011br p\u0159esn\u00e9 velikosti se pros\u00edm \u0159i\u010fte tabulkami.<\/p>\n","protected":false},"excerpt":{"rendered":"<p>D\u00e1msk\u00fd sportovn\u00ed top s dlouh\u00fdm ruk\u00e1vem z pevn\u00e9 tkaniny v \u010dern\u00e9 barv\u011b. Top je vyroben ze \u017eebrovan\u00e9ho materi\u00e1lu, kr\u00e1sn\u011b p\u0159il\u00e9h\u00e1 k t\u011blu a m\u00e1 hlubok\u00fd v\u00fdst\u0159ih. Lze jej kombinovat s leg\u00ednami stejn\u00e9 barvy nebo s jin\u00fdmi jednobarevn\u00fdmi leg\u00ednami. Halenka je vhodn\u00e1 do chladn\u011bj\u0161\u00edho podzimn\u00edho\/zimn\u00edho po\u010das\u00ed, zamilujete si jej\u00ed jemnost a zp\u016fsob, jak\u00fdm pohlad\u00ed va\u0161e t\u011blo. [&hellip;]<\/p>\n","protected":false},"featured_media":24753,"comment_status":"open","ping_status":"closed","template":"","meta":[],"product_brand":[],"product_cat":[345],"product_tag":[],"class_list":{"0":"post-33729","1":"product","2":"type-product","3":"status-publish","4":"has-post-thumbnail","6":"product_cat-damske-sportovni-topy-tilko","7":"pa_cviat-cerna","8":"pa_razmer-l-cs","9":"pa_razmer-m-cs","10":"pa_razmer-s-cs-2","11":"inventories-world","12":"inventories-uk","14":"first","15":"instock","16":"taxable","17":"shipping-taxable","18":"purchasable","19":"product-type-variable"},"_links":{"self":[{"href":"https:\/\/staging5.peach-pump.com\/cs\/wp-json\/wp\/v2\/product\/33729","targetHints":{"allow":["GET"]}}],"collection":[{"href":"https:\/\/staging5.peach-pump.com\/cs\/wp-json\/wp\/v2\/product"}],"about":[{"href":"https:\/\/staging5.peach-pump.com\/cs\/wp-json\/wp\/v2\/types\/product"}],"replies":[{"embeddable":true,"href":"https:\/\/staging5.peach-pump.com\/cs\/wp-json\/wp\/v2\/comments?post=33729"}],"version-history":[{"count":0,"href":"https:\/\/staging5.peach-pump.com\/cs\/wp-json\/wp\/v2\/product\/33729\/revisions"}],"wp:featuredmedia":[{"embeddable":true,"href":"https:\/\/staging5.peach-pump.com\/cs\/wp-json\/wp\/v2\/media\/24753"}],"wp:attachment":[{"href":"https:\/\/staging5.peach-pump.com\/cs\/wp-json\/wp\/v2\/media?parent=33729"}],"wp:term":[{"taxonomy":"product_brand","embeddable":true,"href":"https:\/\/staging5.peach-pump.com\/cs\/wp-json\/wp\/v2\/product_brand?post=33729"},{"taxonomy":"product_cat","embeddable":true,"href":"https:\/\/staging5.peach-pump.com\/cs\/wp-json\/wp\/v2\/product_cat?post=33729"},{"taxonomy":"product_tag","embeddable":true,"href":"https:\/\/staging5.peach-pump.com\/cs\/wp-json\/wp\/v2\/product_tag?post=33729"}],"curies":[{"name":"wp","href":"https:\/\/api.w.org\/{rel}","templated":true}]}}