{"id":121396,"date":"2025-06-16T20:58:54","date_gmt":"2025-06-16T18:58:54","guid":{"rendered":"https:\/\/staging5.peach-pump.com\/products\/zelena-kratka-sportovni-souprava-crop-top\/"},"modified":"2025-07-13T08:48:13","modified_gmt":"2025-07-13T06:48:13","slug":"zelena-kratka-sportovni-souprava-crop-top","status":"publish","type":"product","link":"https:\/\/staging5.peach-pump.com\/cs\/products\/zelena-kratka-sportovni-souprava-crop-top\/","title":{"rendered":"Zelen\u00e1 kr\u00e1tk\u00e1 sportovn\u00ed souprava barvy Matcha se zkr\u00e1cen\u00fdm topem"},"content":{"rendered":"<p>Zelen\u00e1 kr\u00e1tk\u00e1 sportovn\u00ed souprava -barvy Matcha &#8211; leg\u00edny jednobarevn\u00e9ho designu , bez tvaruj\u00edc\u00edho efektu a top s kr\u00e1tk\u00fdm ruk\u00e1vem. Top je vybaven vycp\u00e1vkami, kter\u00e9 lze vyjmout, vhodn\u00e9 na fitness, b\u011bh, aerobn\u00ed cvi\u010den\u00ed nebo proch\u00e1zku v parku, m\u00e1 elastickou spodn\u00ed \u010d\u00e1st, l\u00e1tka nezadr\u017euje vlhkost v t\u011ble. Leg\u00edny jsou vp\u0159edu beze\u0161v\u00e9, co\u017e v\u011bt\u0161ina dam preferuje, je \u0161ev v zadn\u00ed \u010d\u00e1sti leg\u00edn. Elastick\u00e1 letn\u00ed tkanina, kter\u00e1 postavu tvaruje, a \u0161irok\u00fd d\u00edl v pase, kter\u00fd k\u0159ivky zv\u00fdraz\u0148uje. V p\u0159edn\u00ed i zadn\u00ed \u010d\u00e1sti leg\u00edn je 3D logo. \u0160vy tohoto modelu jsou ploch\u00e9 a nedr\u00e1\u017ed\u00ed. Je vhodn\u00fd na silov\u00fd nebo aerobn\u00ed tr\u00e9nink, nezadr\u017euje vlhkost v t\u011ble. Souprava je k dispozici v n\u011bkolika barv\u00e1ch.       <\/p>\n<p>Top:<\/p>\n<ul>\n<li>Vyj\u00edmateln\u00e9 vycp\u00e1vky<\/li>\n<li>Skryt\u00e1 guma ve spodn\u00ed \u010d\u00e1sti<\/li>\n<li>Perfektn\u011b sed\u00ed na t\u011ble<\/li>\n<li>Tepeln\u00fd potisk loga Peach Pump na rameni<\/li>\n<li>Tkanina, kter\u00e1 nezadr\u017euje vlhkost v t\u011ble<\/li>\n<\/ul>\n<p>Leg\u00edny:<\/p>\n<ul>\n<li>Elastick\u00e1 lehk\u00e1 letn\u00ed tkanina<\/li>\n<li>Ploch\u00e9 \u0161vy<\/li>\n<li>Beze\u0161v\u00e9 vp\u0159edu<\/li>\n<li>\u0160ev na zadn\u00ed stran\u011b leg\u00edn<\/li>\n<li>\u0160irok\u00fd d\u00edl v pase, kter\u00fd pas zv\u00fdraz\u0148uje<\/li>\n<li>3D logo Peach Pump na zadn\u00ed a na p\u0159edn\u00ed lev\u00e9 stran\u011b leg\u00edn<\/li>\n<li>Tkanina, kter\u00e1 nezadr\u017euje vlhkost v t\u011ble<\/li>\n<\/ul>\n<p>Slo\u017een\u00ed: spandex a polyester<\/p>\n<p>Soupravu lze pr\u00e1t na 30 stup\u0148\u016f, neb\u011blit, nesu\u0161it v su\u0161i\u010dce, ne\u010distit chemicky.<\/p>\n<p>Modelka na obr\u00e1zku m\u011b\u0159\u00ed 178 cm, v\u00e1\u017e\u00ed 57 kg a m\u00e1 na sob\u011b top i leg\u00edny velikosti M.<\/p>\n<p>Pro v\u00fdb\u011br p\u0159esn\u00e9 velikosti pros\u00edm pou\u017eijte tabulek<\/p>\n","protected":false},"excerpt":{"rendered":"<p>Zelen\u00e1 kr\u00e1tk\u00e1 sportovn\u00ed souprava -barvy Matcha &#8211; leg\u00edny jednobarevn\u00e9ho designu , bez tvaruj\u00edc\u00edho efektu a top s kr\u00e1tk\u00fdm ruk\u00e1vem. Top je vybaven vycp\u00e1vkami, kter\u00e9 lze vyjmout, vhodn\u00e9 na fitness, b\u011bh, aerobn\u00ed cvi\u010den\u00ed nebo proch\u00e1zku v parku, m\u00e1 elastickou spodn\u00ed \u010d\u00e1st, l\u00e1tka nezadr\u017euje vlhkost v t\u011ble. Leg\u00edny jsou vp\u0159edu beze\u0161v\u00e9, co\u017e v\u011bt\u0161ina dam preferuje, je \u0161ev [&hellip;]<\/p>\n","protected":false},"featured_media":119597,"comment_status":"open","ping_status":"closed","template":"","meta":[],"product_brand":[],"product_cat":[347,348],"product_tag":[],"class_list":{"0":"post-121396","1":"product","2":"type-product","3":"status-publish","4":"has-post-thumbnail","6":"product_cat-damske-sportovni-outfity","7":"product_cat-kratke-sportovni-outfity-leginy","8":"pa_cviat-zelena-cs","9":"inventories-world","11":"first","12":"instock","13":"sale","14":"virtual","15":"taxable","16":"purchasable","17":"product-type-yith_bundle"},"_links":{"self":[{"href":"https:\/\/staging5.peach-pump.com\/cs\/wp-json\/wp\/v2\/product\/121396","targetHints":{"allow":["GET"]}}],"collection":[{"href":"https:\/\/staging5.peach-pump.com\/cs\/wp-json\/wp\/v2\/product"}],"about":[{"href":"https:\/\/staging5.peach-pump.com\/cs\/wp-json\/wp\/v2\/types\/product"}],"replies":[{"embeddable":true,"href":"https:\/\/staging5.peach-pump.com\/cs\/wp-json\/wp\/v2\/comments?post=121396"}],"version-history":[{"count":0,"href":"https:\/\/staging5.peach-pump.com\/cs\/wp-json\/wp\/v2\/product\/121396\/revisions"}],"wp:featuredmedia":[{"embeddable":true,"href":"https:\/\/staging5.peach-pump.com\/cs\/wp-json\/wp\/v2\/media\/119597"}],"wp:attachment":[{"href":"https:\/\/staging5.peach-pump.com\/cs\/wp-json\/wp\/v2\/media?parent=121396"}],"wp:term":[{"taxonomy":"product_brand","embeddable":true,"href":"https:\/\/staging5.peach-pump.com\/cs\/wp-json\/wp\/v2\/product_brand?post=121396"},{"taxonomy":"product_cat","embeddable":true,"href":"https:\/\/staging5.peach-pump.com\/cs\/wp-json\/wp\/v2\/product_cat?post=121396"},{"taxonomy":"product_tag","embeddable":true,"href":"https:\/\/staging5.peach-pump.com\/cs\/wp-json\/wp\/v2\/product_tag?post=121396"}],"curies":[{"name":"wp","href":"https:\/\/api.w.org\/{rel}","templated":true}]}}