{"id":121109,"date":"2025-06-15T22:18:03","date_gmt":"2025-06-15T20:18:03","guid":{"rendered":"https:\/\/staging5.peach-pump.com\/products\/damske-leginy-bezove\/"},"modified":"2026-02-27T15:52:15","modified_gmt":"2026-02-27T13:52:15","slug":"damske-leginy-bezove","status":"publish","type":"product","link":"https:\/\/staging5.peach-pump.com\/cs\/products\/damske-leginy-bezove\/","title":{"rendered":"B\u00e9\u017eov\u00e9 d\u00e1msk\u00e9 leg\u00edny jednobarevn\u00e9ho designu"},"content":{"rendered":"<p>D\u00e1msk\u00e9 sportovn\u00ed leg\u00edny jednobarevn\u00e9ho designu b\u00e9\u017eov\u00e9 barvy typu slonov\u00e9 kosti, bez tvaruj\u00edc\u00edho efektu. Model je beze \u0161vu v p\u0159edn\u00ed \u010d\u00e1sti, co\u017ev\u011bt\u0161ina dam preferuje, je \u0161ev v zadn\u00ed \u010d\u00e1sti leg\u00edn. Elastick\u00e1 letn\u00ed l\u00e1tka, kter\u00e1 postavu tvaruje, a \u0161irok\u00fd p\u00e1s, kter\u00fd k\u0159ivky zv\u00fdraz\u0148uje. V p\u0159edn\u00ed i zadn\u00ed \u010d\u00e1sti leg\u00edn je 3D logo. \u0160vy tohoto modelu jsou ploch\u00e9 a nedr\u00e1\u017ed\u00ed. Je vhodn\u00fd na silov\u00fd nebo aerobn\u00ed tr\u00e9nink, nezadr\u017euje vlhkost v t\u011ble. Lze kombinovat s kr\u00e1tk\u00fdm topem do soupravy , vyroben\u00fdm ze stejn\u00e9ho materi\u00e1lu.      <\/p>\n<ul>\n<li>Elastick\u00e1 lehk\u00e1 letn\u00ed tkanina<\/li>\n<li>Ploch\u00e9 \u0161vy<\/li>\n<li>Bez \u0161vu v p\u0159edn\u00ed \u010d\u00e1sti<\/li>\n<li>\u0160ev na zadn\u00ed stran\u011b leg\u00edn<\/li>\n<li>\u0160irok\u00fd p\u00e1sek zv\u00fdraz\u0148uj\u00edc\u00ed pas<\/li>\n<li>3D logo Peach Pump na zadn\u00ed a na p\u0159edn\u00ed lev\u00e9 stran\u011b leg\u00edn<\/li>\n<li>Tkanina, kter\u00e1 nezadr\u017euje vlhkost v t\u011ble<\/li>\n<\/ul>\n<p>Slo\u017een\u00ed: spandex a polyester<\/p>\n<p>Leg\u00edny lze pr\u00e1t na 30 stup\u0148\u016f, neb\u011blit, nesu\u0161it v su\u0161i\u010dce, ne\u010distit chemicky.<\/p>\n<p>Modelka na obr\u00e1zku m\u011b\u0159\u00ed 178 cm, v\u00e1\u017e\u00ed 57 kg a m\u00e1 na sob\u011b velikost M.<\/p>\n<p>Pro v\u00fdb\u011br p\u0159esn\u00e9 velikosti pros\u00edm pou\u017eijte tabulek<\/p>\n","protected":false},"excerpt":{"rendered":"<p>D\u00e1msk\u00e9 sportovn\u00ed leg\u00edny jednobarevn\u00e9ho designu b\u00e9\u017eov\u00e9 barvy typu slonov\u00e9 kosti, bez tvaruj\u00edc\u00edho efektu. Model je beze \u0161vu v p\u0159edn\u00ed \u010d\u00e1sti, co\u017ev\u011bt\u0161ina dam preferuje, je \u0161ev v zadn\u00ed \u010d\u00e1sti leg\u00edn. Elastick\u00e1 letn\u00ed l\u00e1tka, kter\u00e1 postavu tvaruje, a \u0161irok\u00fd p\u00e1s, kter\u00fd k\u0159ivky zv\u00fdraz\u0148uje. V p\u0159edn\u00ed i zadn\u00ed \u010d\u00e1sti leg\u00edn je 3D logo. \u0160vy tohoto modelu jsou ploch\u00e9 [&hellip;]<\/p>\n","protected":false},"featured_media":118843,"comment_status":"open","ping_status":"closed","template":"","meta":[],"product_brand":[],"product_cat":[137,296],"product_tag":[],"class_list":{"0":"post-121109","1":"product","2":"type-product","3":"status-publish","4":"has-post-thumbnail","6":"product_cat-damske-sportovni-leginy","7":"product_cat-damske-leginy-dlouhe","8":"pa_cviat-bezove","9":"pa_razmer-l-cs","10":"pa_razmer-m-cs","11":"pa_razmer-s-cs-2","12":"inventories-world","13":"inventories-pl","15":"first","16":"instock","17":"taxable","18":"shipping-taxable","19":"purchasable","20":"product-type-variable"},"_links":{"self":[{"href":"https:\/\/staging5.peach-pump.com\/cs\/wp-json\/wp\/v2\/product\/121109","targetHints":{"allow":["GET"]}}],"collection":[{"href":"https:\/\/staging5.peach-pump.com\/cs\/wp-json\/wp\/v2\/product"}],"about":[{"href":"https:\/\/staging5.peach-pump.com\/cs\/wp-json\/wp\/v2\/types\/product"}],"replies":[{"embeddable":true,"href":"https:\/\/staging5.peach-pump.com\/cs\/wp-json\/wp\/v2\/comments?post=121109"}],"version-history":[{"count":0,"href":"https:\/\/staging5.peach-pump.com\/cs\/wp-json\/wp\/v2\/product\/121109\/revisions"}],"wp:featuredmedia":[{"embeddable":true,"href":"https:\/\/staging5.peach-pump.com\/cs\/wp-json\/wp\/v2\/media\/118843"}],"wp:attachment":[{"href":"https:\/\/staging5.peach-pump.com\/cs\/wp-json\/wp\/v2\/media?parent=121109"}],"wp:term":[{"taxonomy":"product_brand","embeddable":true,"href":"https:\/\/staging5.peach-pump.com\/cs\/wp-json\/wp\/v2\/product_brand?post=121109"},{"taxonomy":"product_cat","embeddable":true,"href":"https:\/\/staging5.peach-pump.com\/cs\/wp-json\/wp\/v2\/product_cat?post=121109"},{"taxonomy":"product_tag","embeddable":true,"href":"https:\/\/staging5.peach-pump.com\/cs\/wp-json\/wp\/v2\/product_tag?post=121109"}],"curies":[{"name":"wp","href":"https:\/\/api.w.org\/{rel}","templated":true}]}}