{"id":100349,"date":"2024-12-17T22:07:02","date_gmt":"2024-12-17T20:07:02","guid":{"rendered":"https:\/\/staging5.peach-pump.com\/products\/zeleny-overal-zatepleny\/"},"modified":"2026-02-27T16:26:43","modified_gmt":"2026-02-27T14:26:43","slug":"zeleny-overal-zatepleny","status":"publish","type":"product","link":"https:\/\/staging5.peach-pump.com\/cs\/products\/zeleny-overal-zatepleny\/","title":{"rendered":"Zateplen\u00fd tmav\u011b zelen\u00fd overal typu Catsuits"},"content":{"rendered":"<p>Zateplen\u00fd tmav\u011b zelen\u00fd overal na t\u011blo, vyroben\u00fd z m\u011bkk\u00e9, prody\u0161n\u00e9 tkaniny, ide\u00e1ln\u00ed na tr\u00e9nink nebo proch\u00e1zky v chladn\u011bj\u0161\u00edm po\u010das\u00ed. Model je vp\u0159edu na zip, uvnit\u0159 je n\u00e1pis Peach Pump a na rameni &#8211; pogumovan\u00e9 logo Peach Pump.  Overal dokonale p\u0159il\u00e9h\u00e1 a t\u011blo modeluje ve tvaru p\u0159es\u00fdpac\u00edch hodin, zakr\u00fdv\u00e1 nedokonalosti. Model je vp\u0159edu beze\u0161v\u00fd Vhodn\u00fd i pro d\u00e1my vysok\u00e9 postavy.<\/p>\n<p>M\u00f3dn\u00ed kousek, kter\u00fd se stane nov\u00fdm obl\u00edben\u00fdm dopl\u0148kem va\u0161eho \u0161atn\u00edku. Bu\u010fte kr\u00e1sn\u00e1, atraktivn\u00ed a nezapomenuteln\u00e1 v Peach Pump.<\/p>\n<ul>\n<li>Pro\u0161\u00edvan\u00e1 m\u011bkk\u00e1 pod\u0161\u00edvka<\/li>\n<li>Prody\u0161n\u00e1 tkanina<\/li>\n<li>Skryt\u00e1 zna\u010dka Peach Pump<\/li>\n<li>Logo Peach Pump na rameni<\/li>\n<li>Model tvaruj\u00edc\u00ed postavu<\/li>\n<li>Elastick\u00e1 tkanina dokonale padnouc\u00ed<\/li>\n<li>Bez \u0161vu v p\u0159edn\u00ed \u010d\u00e1sti<\/li>\n<li>Vhodn\u00fd i pro d\u00e1my vy\u0161\u0161\u00ed postavy<\/li>\n<\/ul>\n<p>Slo\u017een\u00ed: 80 % polyester, 20 % elastan<\/p>\n<p>Overal lze pr\u00e1t na 30 stup\u0148\u016f, neb\u011blit a ne\u010distit chemicky.<\/p>\n<p>Modelka na fotografi\u00edch m\u011b\u0159\u00ed 167 cm, v\u00e1\u017e\u00ed 50 kg a m\u00e1 na sob\u011b velikost S.<\/p>\n<p>&nbsp;<\/p>\n","protected":false},"excerpt":{"rendered":"<p>Zateplen\u00fd tmav\u011b zelen\u00fd overal na t\u011blo, vyroben\u00fd z m\u011bkk\u00e9, prody\u0161n\u00e9 tkaniny, ide\u00e1ln\u00ed na tr\u00e9nink nebo proch\u00e1zky v chladn\u011bj\u0161\u00edm po\u010das\u00ed. Model je vp\u0159edu na zip, uvnit\u0159 je n\u00e1pis Peach Pump a na rameni &#8211; pogumovan\u00e9 logo Peach Pump. Overal dokonale p\u0159il\u00e9h\u00e1 a t\u011blo modeluje ve tvaru p\u0159es\u00fdpac\u00edch hodin, zakr\u00fdv\u00e1 nedokonalosti. Model je vp\u0159edu beze\u0161v\u00fd Vhodn\u00fd i [&hellip;]<\/p>\n","protected":false},"featured_media":99680,"comment_status":"open","ping_status":"closed","template":"","meta":[],"product_brand":[],"product_cat":[1125,347,349],"product_tag":[],"class_list":{"0":"post-100349","1":"product","2":"type-product","3":"status-publish","4":"has-post-thumbnail","6":"product_cat-sportovni-damske-overaly","7":"product_cat-damske-sportovni-outfity","8":"product_cat-sportovni-outfity-s-leginami","9":"pa_cviat-zelena-cs","10":"pa_razmer-l-cs","11":"pa_razmer-m-cs","12":"pa_razmer-s-cs-2","13":"inventories-world","14":"inventories-pl","15":"inventories-uk","17":"first","18":"instock","19":"taxable","20":"shipping-taxable","21":"purchasable","22":"product-type-variable"},"_links":{"self":[{"href":"https:\/\/staging5.peach-pump.com\/cs\/wp-json\/wp\/v2\/product\/100349","targetHints":{"allow":["GET"]}}],"collection":[{"href":"https:\/\/staging5.peach-pump.com\/cs\/wp-json\/wp\/v2\/product"}],"about":[{"href":"https:\/\/staging5.peach-pump.com\/cs\/wp-json\/wp\/v2\/types\/product"}],"replies":[{"embeddable":true,"href":"https:\/\/staging5.peach-pump.com\/cs\/wp-json\/wp\/v2\/comments?post=100349"}],"version-history":[{"count":2,"href":"https:\/\/staging5.peach-pump.com\/cs\/wp-json\/wp\/v2\/product\/100349\/revisions"}],"predecessor-version":[{"id":108596,"href":"https:\/\/staging5.peach-pump.com\/cs\/wp-json\/wp\/v2\/product\/100349\/revisions\/108596"}],"wp:featuredmedia":[{"embeddable":true,"href":"https:\/\/staging5.peach-pump.com\/cs\/wp-json\/wp\/v2\/media\/99680"}],"wp:attachment":[{"href":"https:\/\/staging5.peach-pump.com\/cs\/wp-json\/wp\/v2\/media?parent=100349"}],"wp:term":[{"taxonomy":"product_brand","embeddable":true,"href":"https:\/\/staging5.peach-pump.com\/cs\/wp-json\/wp\/v2\/product_brand?post=100349"},{"taxonomy":"product_cat","embeddable":true,"href":"https:\/\/staging5.peach-pump.com\/cs\/wp-json\/wp\/v2\/product_cat?post=100349"},{"taxonomy":"product_tag","embeddable":true,"href":"https:\/\/staging5.peach-pump.com\/cs\/wp-json\/wp\/v2\/product_tag?post=100349"}],"curies":[{"name":"wp","href":"https:\/\/api.w.org\/{rel}","templated":true}]}}